{"id":235,"date":"2017-09-13T09:21:18","date_gmt":"2017-09-13T07:21:18","guid":{"rendered":"http:\/\/atenzas.de\/?page_id=235"},"modified":"2025-07-25T12:05:13","modified_gmt":"2025-07-25T10:05:13","slug":"games","status":"publish","type":"page","link":"http:\/\/atenzas.de\/index.php\/games\/","title":{"rendered":"Games"},"content":{"rendered":"<p>AKTUELL:<\/p>\n<p><a title=\"World of Warcraft\" href=\"http:\/\/eu.battle.net\/WorldOfWarcraft\/WoW\"><img loading=\"lazy\" decoding=\"async\" style=\"margin-right: 32px; margin-bottom: 8px;\" src=\"http:\/\/atenzas.de\/wp-content\/uploads\/2017\/05\/WoW_logo.png\" alt=\"\" width=\"128\" height=\"128\" align=\"left\" \/><\/a><\/p>\n<h3>World of Warcraft<\/h3>\n<p style=\"color: #888;\">&gt;6000 Stunden<\/p>\n<div style=\"clear: both;\"><\/div>\n<p>Seit 2008 meine unangefochtene Nummer eins in Sachen Zeit mit Spielen verbrennen. Ein Spiel, das unvergleichlich ist, in dem es st\u00e4ndig etwas zu tun gibt und das nicht zuletzt durch die soziale Bindung an die Spielgef\u00e4hrten (<a href=\"http:\/\/ratschkatteln.de\">Ratschkatteln Azeroths<\/a>) einen bedeutenden Platz in meinem Leben einnimmt.<\/p>\n<hr \/>\n<p><a title=\"The Frozen Wilds\" href=\"https:\/\/www.playstation.com\/en-us\/games\/horizon-zero-dawn-ps4\/the-frozen-wilds-dlc\/\"><br \/>\n<img loading=\"lazy\" decoding=\"async\" style=\"margin-right: 32px; margin-bottom: 8px;\" src=\"http:\/\/atenzas.de\/wp-content\/uploads\/2017\/11\/Horizon_Frozen_Wilds.jpg\" alt=\"\" width=\"128\" height=\"128\" align=\"left\" \/><\/a><\/p>\n<h3>The Frozen Wilds<\/h3>\n<p style=\"color: #888;\">ca. 21 Stunden<\/p>\n<div style=\"clear: both;\"><\/div>\n<p>Der DLC zu Horizon Zero Dawn bereichert ein grandioses Spiel um eine gro\u00dfe und faszinierende Zone, spannende Stories zu den Nanuk und den Alten, gef\u00e4hrliche Aggro-Roboter und fette Waffen. Insgesamt eine sehr sch\u00f6ne Erweiterung, die zwar kleine, subjektive Kritikpunkte hat, aber einen b\u00e4renstarken (hihi) Eindruck hinterl\u00e4sst.<br \/>\nMehr dazu im <a href=\"http:\/\/atenzas.de\/index.php\/2017\/11\/17\/wild-und-frostig\/\">entsprechenden Artikel<\/a>&#8230;<\/p>\n<hr \/>\n<p><a title=\"Assassin's Creed Origins\" href=\"https:\/\/assassinscreed.ubisoft.com\/game\/de-de\/home\/\"><br \/>\n<img loading=\"lazy\" decoding=\"async\" style=\"margin-right: 32px; margin-bottom: 8px;\" src=\"http:\/\/atenzas.de\/wp-content\/uploads\/2017\/11\/ac_origins.png\" alt=\"\" width=\"128\" height=\"128\" align=\"left\" \/><\/a><\/p>\n<h3>Assassin&#8217;s Creed Origins<\/h3>\n<p style=\"color: #888;\">ca. 8 Stunden<\/p>\n<div style=\"clear: both;\"><\/div>\n<p>Das neue Epos um den Ursprung der Assassinengilde und dem faszinierenden \u00c4gypten-Setting gl\u00e4nzt mit optischer Pracht und unglaublicher Gr\u00f6\u00dfe. Im Moment versucht die Story noch verzweifelt, mich in ihren Bann zu ziehen, aber fr\u00fcher oder sp\u00e4ter wird sie das schaffen. Hoffe ich&#8230;<\/p>\n<hr \/>\n<p><a title=\"Styx - Master of Shadows\" href=\"http:\/\/www.styx-masterofshadows.com\/\"><br \/>\n<img loading=\"lazy\" decoding=\"async\" style=\"margin-right: 32px; margin-bottom: 8px;\" src=\"http:\/\/atenzas.de\/wp-content\/uploads\/2017\/08\/Styx_masters_small.jpg\" alt=\"\" width=\"128\" height=\"128\" align=\"left\" \/><\/a><\/p>\n<h3>Styx &#8211; Master of Shadows<\/h3>\n<p style=\"color: #888;\">ca. 15 Stunden<\/p>\n<div style=\"clear: both;\"><\/div>\n<p>Nachdem mir der zweite Teil von Styx (Shards of Darkness &#8211; siehe weiter unten) sehr gefallen hat, wollte ich auch den ersten spielen. Grafisch nat\u00fcrlich nicht ganz auf dem aktuellen Niveau, aber trotzdem sch\u00f6n und vollkommen angemessen. Einige Passagen sind vielleicht etwas unfair, aber insgesamt f\u00fchlt sich das Gameplay gut an.<br \/>\nDie Zwischensequenzen aus gezeichneten Einzelbildern sind hingegen eher unsch\u00f6n und zerst\u00f6ren aufgrund des stark abweichenden Stils die Immersion.<\/p>\n<hr \/>\n<p><a title=\"The Witcher 3 - Wild Hunt\" href=\"http:\/\/thewitcher.com\/en\/witcher3\"><br \/>\n<img loading=\"lazy\" decoding=\"async\" style=\"margin-right: 32px; margin-bottom: 8px;\" src=\"http:\/\/atenzas.de\/wp-content\/uploads\/2017\/07\/witcher3_logo_01.png\" alt=\"\" width=\"128\" height=\"128\" align=\"left\" \/><\/a><\/p>\n<h3>The Witcher 3 &#8211; Wild Hunt<\/h3>\n<p style=\"color: #888;\">ca. 5 Stunden<\/p>\n<div style=\"clear: both;\"><\/div>\n<p>Aufrund eines Malheurs muss ich leider das Spiel nochmal neu installieren und dazu bin ich bislang nicht gekommen. Ob das etwas \u00fcber das Spiel aussagt, lasse ich mal dahingestellt.<br \/>\nObjektiv kann man \u00fcber &#8222;The Witcher 3&#8220; nicht meckern. Design, Grafik und Setting sind super. Die Welt ist riesengro\u00df und auch die Steuerung ist okay. Warum mich der Witcher trotzdem nicht so recht in seinen Bann zieht kann ich mir auch nicht erkl\u00e4ren. Sicherlich werde ich irgendwann weiter spielen, aber es f\u00e4llt mir im Moment relativ leicht, mich dem Spiel zu entziehen&#8230;<\/p>\n<hr \/>\n<p>ZWISCHENDURCH:<\/p>\n<p><a title=\"Overwatch\" href=\"https:\/\/playoverwatch.com\/de-de\/\"><br \/>\n<img loading=\"lazy\" decoding=\"async\" style=\"margin-right: 32px; margin-bottom: 8px;\" src=\"http:\/\/atenzas.de\/wp-content\/uploads\/2017\/05\/overwatch_logo.jpg\" alt=\"\" width=\"128\" height=\"128\" align=\"left\" \/><\/a><\/p>\n<h3>Overwatch<\/h3>\n<p style=\"color: #888;\">Level 34<\/p>\n<div style=\"clear: both;\"><\/div>\n<p>Der schnelle Shooterspa\u00df f\u00fcr zwischendurch. Sch\u00f6ne Maps, abwechslungsreiche Charaktere, ein tolles Art Design und ein flottes aber nicht zu schnelles Gameplay tr\u00f6sten \u00fcber die genretypischen Trolle hinweg uns sorgen f\u00fcr ein nettes Geballere, bei dem man sich auch mal ordentlich abreagieren kann.<\/p>\n<hr \/>\n<p><a title=\"No Man's Sky\" href=\"https:\/\/www.nomanssky.com\/\"><br \/>\n<img loading=\"lazy\" decoding=\"async\" style=\"margin-right: 32px; margin-bottom: 8px;\" src=\"http:\/\/atenzas.de\/wp-content\/uploads\/2017\/05\/No_Mans_Sky.jpg\" alt=\"\" width=\"128\" height=\"128\" align=\"left\" \/><\/a><\/p>\n<h3>No Man&#8217;s Sky<\/h3>\n<p style=\"color: #888;\">&gt;85 Stunden<\/p>\n<div style=\"clear: both;\"><\/div>\n<p>Ich mochte es lieber als alle anderen es nicht mochten. Ein endloses Universum erkunden, bei dem man jeden Planeten betreten kann und es \u00fcberall anders aussieht (auch wenn alles aus den gleichen Bausteinen zusammen gesetzt ist (aber das ist Lego auch)) &#8211; das war f\u00fcr mich das eigentliche Spiel. Einfach spielen &#8211; ohne Ziel und ohne Aufgaben. Man konnte in &#8222;No Man&#8217;s Sky&#8220; nicht gewinnen und deshalb war es scheinbar f\u00fcr alle anderen ein schlechtes Spiel.<br \/>\nJetzt kann man sich treffen, miteinander bzw. gegeneinander k\u00e4mpfen und Basen und Autos bauen. Sehr sinnvoll beim Erkunden eines ganzen Universums&#8230; Eigentlich hei\u00dft es ja, man kann nicht alles haben. &#8222;No Man&#8217;s Sky&#8220; ist ein sch\u00f6nes Beispiel daf\u00fcr was passiert, wenn man alles hat: dann ist es n\u00e4mlich sch***.<br \/>\nSchade drum.<\/p>\n<hr \/>\n<p>ZULETZT:<\/p>\n<p><a title=\"Uncharted - The Lost Legacy\" href=\"https:\/\/www.playstation.com\/de-de\/games\/uncharted-the-lost-legacy-ps4\/\"><br \/>\n<img loading=\"lazy\" decoding=\"async\" style=\"margin-right: 32px; margin-bottom: 8px;\" src=\"http:\/\/atenzas.de\/wp-content\/uploads\/2017\/08\/uncharted_ll.jpg\" alt=\"\" width=\"128\" height=\"128\" align=\"left\" \/><\/a><\/p>\n<h3>Uncharted &#8211; The Lost Legacy<\/h3>\n<p style=\"color: #888;\">8,5 Stunden<\/p>\n<div style=\"clear: both;\"><\/div>\n<p>Technisch das gleiche wie &#8222;Uncharted 4 &#8211; A Thiefs End&#8220;. Die Ausarbeitung der Charakter ist gewohnt \u00fcberragend, die Grafik meist atemberaubend und auch der Vorsto\u00df in das Open World Gameplay durchaus gelungen. Leider \u00fcbernimmt &#8222;The Lost Legacy&#8220; auch die Steuerung vom Original und die ist aus meiner Sicht nicht gerade das Gelbe vom Ei.<br \/>\nDie Story ist nicht wirklich eing\u00e4ngig und l\u00e4sst den Spieler am Ende eher verwirrt und ratlos zur\u00fcck. Und Apropos Ende: das kommt einfach mal deutlich zu fr\u00fch f\u00fcr ein 40 Euro Spiel.<br \/>\nFazit: Fans der Reihe greifen zu, alle anderen spielen <del>Probe<\/del> lieber &#8222;Rise of the Tomb Raider&#8220; oder &#8222;Horizon Zero Dawn&#8220;.<\/p>\n<hr \/>\n<p><a title=\"Styx - Shards of Darkness\" href=\"http:\/\/www.styx-game.com\/\"><br \/>\n<img loading=\"lazy\" decoding=\"async\" style=\"margin-right: 32px; margin-bottom: 8px;\" src=\"http:\/\/atenzas.de\/wp-content\/uploads\/2017\/07\/Styx_logo_01.jpg\" alt=\"\" width=\"128\" height=\"128\" align=\"left\" \/><\/a><\/p>\n<h3>Styx &#8211; Shards of Darkness<\/h3>\n<p style=\"color: #888;\">26 Stunden<\/p>\n<div style=\"clear: both;\"><\/div>\n<p>Mein erster Exkurs in die Welt der Schleichspiele. Alles in Allem sehr gelungen was Setting, Story und Grafik angeht. Die Steuerung ist teilweise nervig, weil man nie genau wei\u00df, wo der Sprung hingeht bzw. ob man zu weit oder zu kurz springt. Ich mag die M\u00f6glichkeiten, Ziele auf verschiedene Art und Weise erreichen zu k\u00f6nnen und ich liebe den sarkastischen Humor des Protagonisten. Sch\u00f6nes Spiel.<\/p>\n<hr \/>\n<p><a title=\"Prey\" href=\"https:\/\/prey.bethesda.net\/de\/\"><br \/>\n<img loading=\"lazy\" decoding=\"async\" style=\"margin-right: 32px; margin-bottom: 8px;\" src=\"http:\/\/atenzas.de\/wp-content\/uploads\/2017\/05\/Prey_logo.jpg\" alt=\"\" width=\"128\" height=\"128\" align=\"left\" \/><\/a><\/p>\n<h3>Prey<\/h3>\n<p style=\"color: #888;\">30 Stunden<\/p>\n<div style=\"clear: both;\"><\/div>\n<p>Zu Prey habe ich mich ausf\u00fchrlich schon <a href=\"http:\/\/atenzas.de\/index.php\/2017\/05\/25\/preytime\/\">hier<\/a> ausgelassen.<br \/>\nEs ist wirklich schade, dass sich das Spiel gegen Ende so hinzieht. Das Setting, das Design und die Liebe in den Details sind gro\u00dfartig und auch die Story und das Gameplay mit seinen Charakterentwicklungsm\u00f6glichkeiten durch Neuromods ist wirklich gut. Irgendwann gehe ich nochmal zur\u00fcck nach Talos 1.<\/p>\n<hr \/>\n<p><a title=\"Horizon Zero Dawn\" href=\"https:\/\/www.guerrilla-games.com\/play\/horizon\"><br \/>\n<img loading=\"lazy\" decoding=\"async\" style=\"margin-right: 32px; margin-bottom: 8px;\" src=\"http:\/\/atenzas.de\/wp-content\/uploads\/2017\/05\/Horizon_logo2.jpg\" alt=\"\" width=\"128\" height=\"128\" align=\"left\" \/><\/a><\/p>\n<h3>Horizon Zero Dawn<\/h3>\n<p style=\"color: #888;\">&gt;80 Stunden<\/p>\n<div style=\"clear: both;\"><\/div>\n<p>Dieses Spiel ist der <a href=\"http:\/\/atenzas.de\/index.php\/2017\/05\/06\/world-of-whaaaat\/\">Ausl\u00f6ser<\/a> f\u00fcr das Entstehen dieser Webseite. Und das kann nur bedeuten, dass es absolut \u00fcberragend ist. Setting, Design, Grafik, Steuerung und vor allem die Story. Hier passt alles und setzt so massiv neue Ma\u00dfst\u00e4be wie es einst ein Katakis f\u00fcr den C64 tat. Unfassbar geil und um das an dieser Stelle etwas abzuk\u00fcrzen: einfach <a href=\"http:\/\/atenzas.de\/index.php\/2017\/05\/07\/hinter-dem-horizont\/\">hier weiterlesen<\/a>.<\/p>\n<hr \/>\n","protected":false},"excerpt":{"rendered":"<p>AKTUELL: World of Warcraft &gt;6000 Stunden Seit 2008 meine unangefochtene Nummer eins in Sachen Zeit mit Spielen verbrennen. Ein Spiel, das unvergleichlich ist, in dem es st\u00e4ndig etwas zu tun gibt und das nicht zuletzt durch die soziale Bindung an die Spielgef\u00e4hrten (Ratschkatteln Azeroths) einen bedeutenden Platz in meinem Leben einnimmt. The Frozen Wilds ca. [&hellip;]<\/p>\n","protected":false},"author":1,"featured_media":0,"parent":0,"menu_order":0,"comment_status":"closed","ping_status":"closed","template":"","meta":{"footnotes":""},"class_list":["post-235","page","type-page","status-publish","hentry"],"_links":{"self":[{"href":"http:\/\/atenzas.de\/index.php\/wp-json\/wp\/v2\/pages\/235","targetHints":{"allow":["GET"]}}],"collection":[{"href":"http:\/\/atenzas.de\/index.php\/wp-json\/wp\/v2\/pages"}],"about":[{"href":"http:\/\/atenzas.de\/index.php\/wp-json\/wp\/v2\/types\/page"}],"author":[{"embeddable":true,"href":"http:\/\/atenzas.de\/index.php\/wp-json\/wp\/v2\/users\/1"}],"replies":[{"embeddable":true,"href":"http:\/\/atenzas.de\/index.php\/wp-json\/wp\/v2\/comments?post=235"}],"version-history":[{"count":75,"href":"http:\/\/atenzas.de\/index.php\/wp-json\/wp\/v2\/pages\/235\/revisions"}],"predecessor-version":[{"id":2208,"href":"http:\/\/atenzas.de\/index.php\/wp-json\/wp\/v2\/pages\/235\/revisions\/2208"}],"wp:attachment":[{"href":"http:\/\/atenzas.de\/index.php\/wp-json\/wp\/v2\/media?parent=235"}],"curies":[{"name":"wp","href":"https:\/\/api.w.org\/{rel}","templated":true}]}}