{"id":16,"date":"2017-05-06T20:24:09","date_gmt":"2017-05-06T18:24:09","guid":{"rendered":"http:\/\/atenzas.de\/?page_id=16"},"modified":"2018-01-15T11:04:58","modified_gmt":"2018-01-15T10:04:58","slug":"atenzas","status":"publish","type":"page","link":"http:\/\/atenzas.de\/index.php\/atenzas\/","title":{"rendered":"Atenzas"},"content":{"rendered":"<p>Laut Wikipedia ist &#8218;Nerd&#8216; &#8222;eine Bezeichnung f\u00fcr begabte an Spezialinteressen h\u00e4ngende Menschen mit sozialen Defiziten.&#8220;<br \/>\nAber steht der <a href=\"https:\/\/www.youtube.com\/watch?v=2ZhWc89hxH8\">Nerd<\/a> nicht einfach nur offen zu seinen ganz eigenen Vorlieben, in die er sehr viel Zeit, Geld und Herzblut investiert? Ob und inwiefern das zu sozialen Defiziten f\u00fchrt, m\u00f6ge jeder f\u00fcr sich selbst entscheiden.<\/p>\n<p>Atenzas ist seit 2008 der Name meines <a href=\"https:\/\/worldofwarcraft.com\/de-de\/character\/khazgoroth\/atenzas\" target=\"_blank\" rel=\"noopener\">Characters in World of Warcraft<\/a> und inzwischen auch in so ziemlich jeder anderen Facette des online-Lebens.<br \/>\nWas anf\u00e4nglich als Kunstwort entstand um einem Avatar eine eindeutige Bezeichnung zu geben, steht inzwischen f\u00fcr ein virtuelles Wesen in den unendlichen Weiten des Internet, das zu einem signifikanten Bestandteil meiner Pers\u00f6nlichkeit geworden ist.<\/p>\n<p>Der Mensch hinter Atenzas erblickte zur selben Zeit das Licht der Welt wie intels 8080 Prozessor &#8211; was m\u00f6glicherweise ein Zufall war\u00a0aber &#8222;nach meiner Erfahrung gibt es so etwas wie Zufall nicht&#8220;.<br \/>\nComputer sind faszinierende Ger\u00e4te und auch wenn sich hartn\u00e4ckig die Ger\u00fcchte halten, dass sie den Menschen die Arbeit erleichtern (und jeder, der das mal ernsthaft versucht hat wei\u00df, dass das genaue Gegenteil der Fall ist), ist der eigentliche Zweck von elektronischen Rechenmaschinen, den Menschen zu unterhalten. Sei es indem sie die Manifestation seiner Kreativit\u00e4t unterst\u00fctzen (Grafik, Videos, 3D-Druck&#8230;) oder &#8211; und jetzt sind wir bei des Computers Kern &#8211; sein Bed\u00fcrfnis zu spielen befriedigen.<\/p>\n<p>Und so wird es hier auch um kreative Dinge gehen &#8211; in erster Linie aber um das spielerische Eintauchen in andere Welten und schlicht und ergreifend um &#8230; Nerdkram.<\/p>\n","protected":false},"excerpt":{"rendered":"<p>Laut Wikipedia ist &#8218;Nerd&#8216; &#8222;eine Bezeichnung f\u00fcr begabte an Spezialinteressen h\u00e4ngende Menschen mit sozialen Defiziten.&#8220; Aber steht der Nerd nicht einfach nur offen zu seinen ganz eigenen Vorlieben, in die er sehr viel Zeit, Geld und Herzblut investiert? Ob und inwiefern das zu sozialen Defiziten f\u00fchrt, m\u00f6ge jeder f\u00fcr sich selbst entscheiden. Atenzas ist seit [&hellip;]<\/p>\n","protected":false},"author":1,"featured_media":17,"parent":0,"menu_order":0,"comment_status":"closed","ping_status":"closed","template":"","meta":{"footnotes":""},"class_list":["post-16","page","type-page","status-publish","has-post-thumbnail","hentry"],"_links":{"self":[{"href":"http:\/\/atenzas.de\/index.php\/wp-json\/wp\/v2\/pages\/16","targetHints":{"allow":["GET"]}}],"collection":[{"href":"http:\/\/atenzas.de\/index.php\/wp-json\/wp\/v2\/pages"}],"about":[{"href":"http:\/\/atenzas.de\/index.php\/wp-json\/wp\/v2\/types\/page"}],"author":[{"embeddable":true,"href":"http:\/\/atenzas.de\/index.php\/wp-json\/wp\/v2\/users\/1"}],"replies":[{"embeddable":true,"href":"http:\/\/atenzas.de\/index.php\/wp-json\/wp\/v2\/comments?post=16"}],"version-history":[{"count":6,"href":"http:\/\/atenzas.de\/index.php\/wp-json\/wp\/v2\/pages\/16\/revisions"}],"predecessor-version":[{"id":394,"href":"http:\/\/atenzas.de\/index.php\/wp-json\/wp\/v2\/pages\/16\/revisions\/394"}],"wp:featuredmedia":[{"embeddable":true,"href":"http:\/\/atenzas.de\/index.php\/wp-json\/wp\/v2\/media\/17"}],"wp:attachment":[{"href":"http:\/\/atenzas.de\/index.php\/wp-json\/wp\/v2\/media?parent=16"}],"curies":[{"name":"wp","href":"https:\/\/api.w.org\/{rel}","templated":true}]}}